{"id":76,"date":"2024-10-03T13:13:05","date_gmt":"2024-10-03T13:13:05","guid":{"rendered":"https:\/\/vhbw.org\/?page_id=76"},"modified":"2025-10-20T08:27:23","modified_gmt":"2025-10-20T08:27:23","slug":"impressum","status":"publish","type":"page","link":"https:\/\/vhbw.org\/home\/impressum\/","title":{"rendered":"Impressum"},"content":{"rendered":"\n<div class=\"wp-block-cover alignfull\"><img loading=\"lazy\" decoding=\"async\" width=\"1280\" height=\"630\" class=\"wp-block-cover__image-background wp-image-303\" alt=\"\" src=\"https:\/\/vhbw.org\/wp-content\/uploads\/2024\/10\/vhbw-Header-Impressum-eigenes-Bild.jpg\" data-object-fit=\"cover\" srcset=\"https:\/\/vhbw.org\/wp-content\/uploads\/2024\/10\/vhbw-Header-Impressum-eigenes-Bild.jpg 1280w, https:\/\/vhbw.org\/wp-content\/uploads\/2024\/10\/vhbw-Header-Impressum-eigenes-Bild-300x148.jpg 300w, https:\/\/vhbw.org\/wp-content\/uploads\/2024\/10\/vhbw-Header-Impressum-eigenes-Bild-1024x504.jpg 1024w, https:\/\/vhbw.org\/wp-content\/uploads\/2024\/10\/vhbw-Header-Impressum-eigenes-Bild-768x378.jpg 768w\" sizes=\"auto, (max-width: 1280px) 100vw, 1280px\" \/><span aria-hidden=\"true\" class=\"wp-block-cover__background has-background-dim\" style=\"background-color:#73706b\"><\/span><div class=\"wp-block-cover__inner-container has-global-padding is-layout-constrained wp-block-cover-is-layout-constrained\">\n<p class=\"has-text-align-center has-base-2-color has-text-color has-link-color has-xx-large-font-size wp-elements-89cc4f558503fbd0428160bc7333f60b\">Impressum<\/p>\n<\/div><\/div>\n\n\n\n<div style=\"height:150px\" aria-hidden=\"true\" class=\"wp-block-spacer\"><\/div>\n\n\n\n<div class=\"wp-block-group has-global-padding is-layout-constrained wp-block-group-is-layout-constrained\">\n<h3 class=\"wp-block-heading\">Verband der Hersteller von Bev\u00f6lkerungswarnsystemen e.V. (VHBW)<\/h3>\n\n\n\n<p class=\"has-body-font-family\">Leopoldstra\u00dfe. 31<br>80802 M\u00fcnchen<br>Vereinsregister: VR 210934<br>Registergericht: M\u00fcnchen<br><\/p>\n\n\n\n<p class=\"has-body-font-family\"><strong>Vertreten durch:<\/strong><br>Gesch\u00e4ftsf\u00fchrer: Benno Schrief<\/p>\n\n\n\n<p class=\"has-body-font-family\"><br><strong>Kontakt:<\/strong><br>Telefon: +49 1712287929<br>E-Mail: <a href=\"mailto:info@vhbw.org\">info@vhbw.org<\/a><\/p>\n\n\n\n<p class=\"has-body-font-family\"><br>Redaktionell verantwortlich:<br>Benno Schrief, Gesch\u00e4ftsf\u00fchrer<br>Leopoldstra\u00dfe. 31<br>80802 M\u00fcnchen<\/p>\n\n\n\n<p><strong>Verbraucherstreitbeilegung\/Universalschlichtungsstelle<\/strong><br>Wir sind nicht bereit oder verpflichtet, an Streitbeilegungsverfahren vor einer<br>Verbraucherschlichtungsstelle teilzunehmen.<br>Quelle: https:\/\/www.e-recht24.de<\/p>\n\n\n\n<p>Registrierte\u00a0Interessenvertreterin\u00a0gem\u00e4\u00df\u00a0Lobbyregistergesetz\u00a0(Registernummer R007516)<\/p>\n<\/div>\n","protected":false},"excerpt":{"rendered":"<p>Verband der Hersteller von Bev\u00f6lkerungswarnsystemen e.V. (VHBW) Leopoldstra\u00dfe. 3180802 M\u00fcnchenVereinsregister: VR 210934Registergericht: M\u00fcnchen Vertreten durch:Gesch\u00e4ftsf\u00fchrer: Benno Schrief Kontakt:Telefon: +49 1712287929E-Mail: info@vhbw.org Redaktionell verantwortlich:Benno Schrief, Gesch\u00e4ftsf\u00fchrerLeopoldstra\u00dfe. 3180802 M\u00fcnchen Verbraucherstreitbeilegung\/UniversalschlichtungsstelleWir sind nicht bereit oder verpflichtet, an Streitbeilegungsverfahren vor einerVerbraucherschlichtungsstelle teilzunehmen.Quelle: https:\/\/www.e-recht24.de Registrierte\u00a0Interessenvertreterin\u00a0gem\u00e4\u00df\u00a0Lobbyregistergesetz\u00a0(Registernummer R007516)<\/p>\n","protected":false},"author":1,"featured_media":0,"parent":0,"menu_order":0,"comment_status":"closed","ping_status":"closed","template":"page-no-title","meta":{"footnotes":""},"class_list":["post-76","page","type-page","status-publish","hentry"],"aioseo_notices":[],"_links":{"self":[{"href":"https:\/\/vhbw.org\/home\/wp-json\/wp\/v2\/pages\/76","targetHints":{"allow":["GET"]}}],"collection":[{"href":"https:\/\/vhbw.org\/home\/wp-json\/wp\/v2\/pages"}],"about":[{"href":"https:\/\/vhbw.org\/home\/wp-json\/wp\/v2\/types\/page"}],"author":[{"embeddable":true,"href":"https:\/\/vhbw.org\/home\/wp-json\/wp\/v2\/users\/1"}],"replies":[{"embeddable":true,"href":"https:\/\/vhbw.org\/home\/wp-json\/wp\/v2\/comments?post=76"}],"version-history":[{"count":13,"href":"https:\/\/vhbw.org\/home\/wp-json\/wp\/v2\/pages\/76\/revisions"}],"predecessor-version":[{"id":559,"href":"https:\/\/vhbw.org\/home\/wp-json\/wp\/v2\/pages\/76\/revisions\/559"}],"wp:attachment":[{"href":"https:\/\/vhbw.org\/home\/wp-json\/wp\/v2\/media?parent=76"}],"curies":[{"name":"wp","href":"https:\/\/api.w.org\/{rel}","templated":true}]}}