{"id":569,"date":"2025-12-30T11:11:41","date_gmt":"2025-12-30T11:11:41","guid":{"rendered":"https:\/\/vhbw.org\/home\/?page_id=569"},"modified":"2025-12-30T11:13:38","modified_gmt":"2025-12-30T11:13:38","slug":"veroeffentlichungen","status":"publish","type":"page","link":"https:\/\/vhbw.org\/home\/presse\/veroeffentlichungen\/","title":{"rendered":"Ver\u00f6ffentlichungen"},"content":{"rendered":"\n<div class=\"wp-block-cover alignfull is-light\"><img loading=\"lazy\" decoding=\"async\" width=\"1024\" height=\"320\" class=\"wp-block-cover__image-background wp-image-584 size-large\" alt=\"\" src=\"https:\/\/vhbw.org\/wp-content\/uploads\/2025\/12\/VHBW-Header-News-V1-1024x320.jpg\" data-object-fit=\"cover\" srcset=\"https:\/\/vhbw.org\/wp-content\/uploads\/2025\/12\/VHBW-Header-News-V1-1024x320.jpg 1024w, https:\/\/vhbw.org\/wp-content\/uploads\/2025\/12\/VHBW-Header-News-V1-300x94.jpg 300w, https:\/\/vhbw.org\/wp-content\/uploads\/2025\/12\/VHBW-Header-News-V1-768x240.jpg 768w, https:\/\/vhbw.org\/wp-content\/uploads\/2025\/12\/VHBW-Header-News-V1.jpg 1280w\" sizes=\"auto, (max-width: 1024px) 100vw, 1024px\" \/><span aria-hidden=\"true\" class=\"wp-block-cover__background has-background-dim\" style=\"background-color:#9b9598\"><\/span><div class=\"wp-block-cover__inner-container has-global-padding is-layout-constrained wp-block-cover-is-layout-constrained\">\n<p class=\"has-text-align-center has-large-font-size\">Der VHBW in den Medien<\/p>\n<\/div><\/div>\n\n\n\n<div class=\"wp-block-group alignfull is-style-ext-preset--group--natural-1--section has-base-background-color has-background has-global-padding is-layout-constrained wp-container-core-group-is-layout-3e3c5440 wp-block-group-is-layout-constrained\" style=\"margin-top:0;margin-bottom:0;padding-top:min(7rem,10vw);padding-bottom:min(7rem,10vw)\">\n<div class=\"wp-block-group alignwide is-vertical is-layout-flex wp-container-core-group-is-layout-c35747d5 wp-block-group-is-layout-flex\">\n<div class=\"wp-block-group has-global-padding is-layout-constrained wp-container-core-group-is-layout-5e05634a wp-block-group-is-layout-constrained\">\n<h2 class=\"wp-block-heading\">Durchst\u00f6bern Sie unsere Ver\u00f6ffentlichungen zum Thema VHBW und Sirenenwarnung f\u00fcr den Bev\u00f6lkerungsschutz<\/h2>\n\n\n\n<p><\/p>\n\n\n\n<p><\/p>\n<\/div>\n<\/div>\n\n\n\n<div class=\"wp-block-columns alignwide is-layout-flex wp-container-core-columns-is-layout-08a2a807 wp-block-columns-is-layout-flex\">\n<div class=\"wp-block-column is-vertically-aligned-stretch is-layout-flow wp-container-core-column-is-layout-f5bb311e wp-block-column-is-layout-flow\">\n<div class=\"wp-block-group is-style-ext-preset--group--natural-1--item-card-1--align-start has-global-padding is-layout-constrained wp-block-group-is-layout-constrained\">\n<div class=\"wp-block-group is-style-default has-global-padding is-layout-constrained wp-block-group-is-layout-constrained\">\n<h3 class=\"wp-block-heading\">Der Bayerische B\u00fcrgermeister<\/h3>\n\n\n\n<figure class=\"wp-block-image size-full\"><img loading=\"lazy\" decoding=\"async\" width=\"530\" height=\"709\" src=\"https:\/\/vhbw.org\/wp-content\/uploads\/2025\/12\/Der-Bayerische-Buergermeister_Dezember_25-Web.png\" alt=\"\" class=\"wp-image-570\" srcset=\"https:\/\/vhbw.org\/wp-content\/uploads\/2025\/12\/Der-Bayerische-Buergermeister_Dezember_25-Web.png 530w, https:\/\/vhbw.org\/wp-content\/uploads\/2025\/12\/Der-Bayerische-Buergermeister_Dezember_25-Web-224x300.png 224w\" sizes=\"auto, (max-width: 530px) 100vw, 530px\" \/><\/figure>\n\n\n\n<p>Dezember 2025<\/p>\n\n\n\n<div class=\"wp-block-buttons is-layout-flex wp-block-buttons-is-layout-flex\">\n<div class=\"wp-block-button is-style-ext-preset--button--natural-1--button-1\"><a class=\"wp-block-button__link wp-element-button\" href=\"https:\/\/vhbw.org\/wp-content\/uploads\/2025\/12\/Der-Bayerische-Buergermeister_Dezember_25.pdf\">PDF herunterladen<\/a><\/div>\n<\/div>\n<\/div>\n<\/div>\n<\/div>\n\n\n\n<div class=\"wp-block-column is-vertically-aligned-stretch is-layout-flow wp-container-core-column-is-layout-f5bb311e wp-block-column-is-layout-flow\">\n<div class=\"wp-block-group is-style-ext-preset--group--natural-1--item-card-1--align-start has-global-padding is-layout-constrained wp-block-group-is-layout-constrained\">\n<div class=\"wp-block-group is-style-default has-global-padding is-layout-constrained wp-block-group-is-layout-constrained\">\n<h3 class=\"wp-block-heading\">Bayerische Staatszeitung<\/h3>\n\n\n\n<figure class=\"wp-block-image size-full\"><img loading=\"lazy\" decoding=\"async\" width=\"258\" height=\"748\" src=\"https:\/\/vhbw.org\/wp-content\/uploads\/2025\/12\/Bayerische-Staatszeitung_Okt_24.png\" alt=\"\" class=\"wp-image-574\"\/><\/figure>\n\n\n\n<p>Oktober 2024<\/p>\n\n\n\n<div class=\"wp-block-buttons is-layout-flex wp-block-buttons-is-layout-flex\">\n<div class=\"wp-block-button is-style-ext-preset--button--natural-1--button-1\"><a class=\"wp-block-button__link wp-element-button\" href=\"https:\/\/vhbw.org\/wp-content\/uploads\/2025\/12\/Veroeffentlichung-Bayerische-Staatszeitung-2024-10-02.pdf\">PDF herunterladen<\/a><\/div>\n<\/div>\n<\/div>\n<\/div>\n<\/div>\n\n\n\n<div class=\"wp-block-column is-vertically-aligned-stretch is-layout-flow wp-container-core-column-is-layout-f5bb311e wp-block-column-is-layout-flow\">\n<div class=\"wp-block-group is-style-ext-preset--group--natural-1--item-card-1--align-start has-global-padding is-layout-constrained wp-block-group-is-layout-constrained\"><\/div>\n<\/div>\n<\/div>\n<\/div>\n\n\n\n<p><\/p>\n","protected":false},"excerpt":{"rendered":"<p>Durchst\u00f6bern Sie unsere Ver\u00f6ffentlichungen zum Thema VHBW und Sirenenwarnung f\u00fcr den Bev\u00f6lkerungsschutz Der Bayerische B\u00fcrgermeister Dezember 2025 Bayerische Staatszeitung Oktober 2024<\/p>\n","protected":false},"author":1,"featured_media":0,"parent":365,"menu_order":1,"comment_status":"closed","ping_status":"closed","template":"page-no-title","meta":{"footnotes":""},"class_list":["post-569","page","type-page","status-publish","hentry"],"aioseo_notices":[],"_links":{"self":[{"href":"https:\/\/vhbw.org\/home\/wp-json\/wp\/v2\/pages\/569","targetHints":{"allow":["GET"]}}],"collection":[{"href":"https:\/\/vhbw.org\/home\/wp-json\/wp\/v2\/pages"}],"about":[{"href":"https:\/\/vhbw.org\/home\/wp-json\/wp\/v2\/types\/page"}],"author":[{"embeddable":true,"href":"https:\/\/vhbw.org\/home\/wp-json\/wp\/v2\/users\/1"}],"replies":[{"embeddable":true,"href":"https:\/\/vhbw.org\/home\/wp-json\/wp\/v2\/comments?post=569"}],"version-history":[{"count":8,"href":"https:\/\/vhbw.org\/home\/wp-json\/wp\/v2\/pages\/569\/revisions"}],"predecessor-version":[{"id":587,"href":"https:\/\/vhbw.org\/home\/wp-json\/wp\/v2\/pages\/569\/revisions\/587"}],"up":[{"embeddable":true,"href":"https:\/\/vhbw.org\/home\/wp-json\/wp\/v2\/pages\/365"}],"wp:attachment":[{"href":"https:\/\/vhbw.org\/home\/wp-json\/wp\/v2\/media?parent=569"}],"curies":[{"name":"wp","href":"https:\/\/api.w.org\/{rel}","templated":true}]}}