{"id":365,"date":"2025-04-28T12:55:20","date_gmt":"2025-04-28T12:55:20","guid":{"rendered":"https:\/\/vhbw.org\/home\/?page_id=365"},"modified":"2025-12-30T11:05:37","modified_gmt":"2025-12-30T11:05:37","slug":"presse","status":"publish","type":"page","link":"https:\/\/vhbw.org\/home\/presse\/","title":{"rendered":"Presse"},"content":{"rendered":"\n<div class=\"wp-block-cover alignfull\"><img loading=\"lazy\" decoding=\"async\" width=\"1280\" height=\"400\" class=\"wp-block-cover__image-background wp-image-508\" alt=\"\" src=\"https:\/\/vhbw.org\/wp-content\/uploads\/2025\/03\/VHBW-Header-News-V2.jpg\" data-object-fit=\"cover\" srcset=\"https:\/\/vhbw.org\/wp-content\/uploads\/2025\/03\/VHBW-Header-News-V2.jpg 1280w, https:\/\/vhbw.org\/wp-content\/uploads\/2025\/03\/VHBW-Header-News-V2-300x94.jpg 300w, https:\/\/vhbw.org\/wp-content\/uploads\/2025\/03\/VHBW-Header-News-V2-1024x320.jpg 1024w, https:\/\/vhbw.org\/wp-content\/uploads\/2025\/03\/VHBW-Header-News-V2-768x240.jpg 768w\" sizes=\"auto, (max-width: 1280px) 100vw, 1280px\" \/><span aria-hidden=\"true\" class=\"wp-block-cover__background has-background-dim\" style=\"background-color:#6b6e6a\"><\/span><div class=\"wp-block-cover__inner-container has-global-padding is-layout-constrained wp-block-cover-is-layout-constrained\">\n<p class=\"has-text-align-center has-x-large-font-size\">News &amp; Pressemitteilungen<\/p>\n<\/div><\/div>\n\n\n\n<div class=\"wp-block-group alignwide has-background-background-color has-background has-global-padding is-content-justification-left is-layout-constrained wp-container-core-group-is-layout-234b647d wp-block-group-is-layout-constrained\" style=\"margin-top:0;margin-bottom:0;padding-top:var(--wp--preset--spacing--60);padding-right:var(--wp--preset--spacing--30);padding-bottom:var(--wp--preset--spacing--60);padding-left:var(--wp--preset--spacing--30)\">\n<div class=\"wp-block-columns is-layout-flex wp-container-core-columns-is-layout-28f84493 wp-block-columns-is-layout-flex\">\n<div class=\"wp-block-column is-layout-flow wp-block-column-is-layout-flow\" style=\"flex-basis:45%\">\n<h3 class=\"wp-block-heading has-accent-3-color has-base-background-color has-text-color has-background has-link-color wp-elements-b6efbe1d3079ce456ab19395bc013b91\">Pressekontakt: <\/h3>\n\n\n\n<p class=\"has-base-background-color has-background has-small-font-size\">Stefanie Schneider<br>pressestelle@vhbw.org<\/p>\n\n\n\n<h4 class=\"wp-block-heading has-accent-3-color has-base-background-color has-text-color has-background has-link-color wp-elements-fdaec90e09b43e2c09384d4f3d227648\"><a href=\"\/veroeffentlichungen\" title=\"\">Ver\u00f6ffentlichungen<\/a><\/h4>\n<\/div>\n\n\n\n<div class=\"wp-block-column is-layout-flow wp-block-column-is-layout-flow\" style=\"flex-basis:70%\">\n<div class=\"wp-block-group alignwide has-global-padding is-content-justification-left is-layout-constrained wp-container-core-group-is-layout-12dd3699 wp-block-group-is-layout-constrained\">\n<h2 class=\"wp-block-heading has-large-font-size\" id=\"aioseo-news-und-pressemitteilungen\">News und Pressemitteilungen<\/h2>\n\n\n\n<p style=\"margin-top:16px\"><\/p>\n\n\n\n<div class=\"wp-block-query is-layout-flow wp-block-query-is-layout-flow\"><ul style=\"padding-top:0;padding-bottom:0;padding-left:0;padding-right:0;\" class=\"wp-block-post-template has-body-font-family is-layout-flow wp-container-core-post-template-is-layout-508ffbb6 wp-block-post-template-is-layout-flow\"><li class=\"wp-block-post post-566 post type-post status-publish format-standard hentry category-presseinformationen\">\n<h3 class=\"wp-block-post-title has-medium-font-size\">Frohe Weihnachten und ein gutes neues Jahr<\/h3>\n\n<div class=\"wp-block-post-date\"><time datetime=\"2025-12-22T09:05:41+00:00\">Dezember 22, 2025<\/time><\/div>\n\n<div class=\"wp-block-post-excerpt has-medium-font-size\"><p class=\"wp-block-post-excerpt__excerpt\"><\/p><p class=\"wp-block-post-excerpt__more-text\"><a class=\"wp-block-post-excerpt__more-link\" href=\"https:\/\/vhbw.org\/home\/frohe-weihnachten-und-ein-gutes-neues-jahr\/\">Weiterlesen<\/a><\/p><\/div>\n<\/li><li class=\"wp-block-post post-562 post type-post status-publish format-standard hentry category-presseinformationen\">\n<h3 class=\"wp-block-post-title has-medium-font-size\">Mitglieder des VHBW unterwegs<\/h3>\n\n<div class=\"wp-block-post-date\"><time datetime=\"2025-11-21T12:24:50+00:00\">November 21, 2025<\/time><\/div>\n\n<div class=\"wp-block-post-excerpt has-medium-font-size\"><p class=\"wp-block-post-excerpt__excerpt\">Die Mitglieder des Verbandes der Hersteller von Bev\u00f6lkerungswarnsystemen (VHBW) e.V. hatten anl\u00e4sslich des 49. ZOES-Zukunftsforums in Berlin die Gelegenheit zu Gespr\u00e4chen mit wichtigen Entscheidern der Politik. Gemeinsam setzen wir uns f\u00fcr das Ziel ein, eine zuverl\u00e4ssige Warnung der Bev\u00f6lkerung in kritischen Situationen sicherzustellen. \ud83e\udd1dVernetzung und Zusammenarbeit mit politischen Entscheidungstr\u00e4gern sind entscheidend, um innovative L\u00f6sungen zu<\/p><p class=\"wp-block-post-excerpt__more-text\"><a class=\"wp-block-post-excerpt__more-link\" href=\"https:\/\/vhbw.org\/home\/mitglieder-des-vhbw-unterwegs\/\">Weiterlesen<\/a><\/p><\/div>\n<\/li><li class=\"wp-block-post post-551 post type-post status-publish format-standard hentry category-presseinformationen\">\n<h3 class=\"wp-block-post-title has-medium-font-size\">Der Bund unterst\u00fctzt den Sirenenausbau in Deutschland<\/h3>\n\n<div class=\"wp-block-post-date\"><time datetime=\"2025-06-30T11:05:01+00:00\">Juni 30, 2025<\/time><\/div>\n\n<div class=\"wp-block-post-excerpt has-medium-font-size\"><p class=\"wp-block-post-excerpt__excerpt\">M\u00fcnchen, im Juni 2026 &#8211; Der Haushaltsentwurf der Regierung sieht erhebliche St\u00e4rkungen der Sicherheitsbeh\u00f6rden sowie des Zivil- und Katastrophenschutzes vor. Insgesamt sind 2026 700 Mio Euro vorgesehen, daf\u00fcr 400 Mio Euro f\u00fcr das Bundesamt f\u00fcr Bev\u00f6lkerungsschutz und Katastrophenhilfe. Wie die Bild-Zeitung mit Bezug auf ein Gespr\u00e4ch mit Bundesinnenminister Dobrindt berichtet, soll ein Teil der Mittel<\/p><p class=\"wp-block-post-excerpt__more-text\"><a class=\"wp-block-post-excerpt__more-link\" href=\"https:\/\/vhbw.org\/home\/der-bund-unterstuetzt-den-sirenenausbau-in-deutschland\/\">Weiterlesen<\/a><\/p><\/div>\n<\/li><li class=\"wp-block-post post-528 post type-post status-publish format-standard hentry category-presseinformationen\">\n<h3 class=\"wp-block-post-title has-medium-font-size\">Verband der Hersteller von Bev\u00f6lkerungswarnsystemen (VHBW) begr\u00fc\u00dft Sonderverm\u00f6gen f\u00fcr Investitionen in den Bev\u00f6lkerungsschutz und fordert umfassende Ma\u00dfnahmen<\/h3>\n\n<div class=\"wp-block-post-date\"><time datetime=\"2025-04-28T12:20:59+00:00\">April 28, 2025<\/time><\/div>\n\n<div class=\"wp-block-post-excerpt has-medium-font-size\"><p class=\"wp-block-post-excerpt__excerpt\">Deutschland braucht 1 Mrd. Euro in zehn Jahren f\u00fcr den Ausbau einer fl\u00e4chendeckenden Sirenenwarnung M\u00fcnchen, im M\u00e4rz 2025 \u2013 Ein Sonderverm\u00f6gen von 500 Mrd. Euro zur Investition in die Infrastruktur soll auch den Ausbau des Bev\u00f6lkerungsschutzes unterst\u00fctzen. Der Verband der Hersteller von Bev\u00f6lkerungswarnsystemen begr\u00fc\u00dft diese Ma\u00dfnahme und sch\u00e4tzt einen Investitionsbedarf von einer Mrd. Euro in<\/p><p class=\"wp-block-post-excerpt__more-text\"><a class=\"wp-block-post-excerpt__more-link\" href=\"https:\/\/vhbw.org\/home\/verband-der-hersteller-von-bevoelkerungswarnsystemen-vhbw-begruesst-sondervermoegen-fuer-investitionen-in-den-bevoelkerungsschutz-und-fordert-umfassende-massnahmen\/\">Weiterlesen<\/a><\/p><\/div>\n<\/li><li class=\"wp-block-post post-526 post type-post status-publish format-standard hentry category-presseinformationen\">\n<h3 class=\"wp-block-post-title has-medium-font-size\">ZOES und VHBW nehmen Bev\u00f6lkerungswarnung in Deutschland und Europa ins Visier<\/h3>\n\n<div class=\"wp-block-post-date\"><time datetime=\"2025-04-28T12:19:54+00:00\">April 28, 2025<\/time><\/div>\n\n<div class=\"wp-block-post-excerpt has-medium-font-size\"><p class=\"wp-block-post-excerpt__excerpt\">M\u00fcnchen, 28. November 2024 &#8211; Die aktuellen Ereignisse in Spanien waren der Anlass, die Bev\u00f6lkerungswarnung in Europa in den Fokus der Gespr\u00e4che zwischen Albrecht Broemme, Vorstandsvorsitzender des Zukunftsforum \u00d6ffentliche Sicherheit e.V. (ZOES), S\u00f6nke Jacobs, Gesch\u00e4ftsf\u00fchrer des ZOES und Anna H\u00f6rmann, Vorstandsvorsitzende des Verbands der Hersteller von Bev\u00f6lkerungswarnsystemen (VHBW) sowie dessen Gesch\u00e4ftsf\u00fchrer Benno Schrief zu r\u00fccken.<\/p><p class=\"wp-block-post-excerpt__more-text\"><a class=\"wp-block-post-excerpt__more-link\" href=\"https:\/\/vhbw.org\/home\/zoes-und-vhbw-nehmen-bevoelkerungswarnung-in-deutschland-und-europa-ins-visier\/\">Weiterlesen<\/a><\/p><\/div>\n<\/li><li class=\"wp-block-post post-376 post type-post status-publish format-standard hentry category-presseinformationen\">\n<h3 class=\"wp-block-post-title has-medium-font-size\">Warntag zeigt die Bedeutung der Sirene als unverzichtbares Warnmittel<\/h3>\n\n<div class=\"wp-block-post-date\"><time datetime=\"2024-10-19T13:20:30+00:00\">Oktober 19, 2024<\/time><\/div>\n\n<div class=\"wp-block-post-excerpt has-medium-font-size\"><p class=\"wp-block-post-excerpt__excerpt\">Hersteller von Bev\u00f6lkerungswarnsystemen gr\u00fcnden Interessenverband VHBW e.V. Mitwirkung in Arbeitskreisen und Zusammenarbeit mit kommunalen Verb\u00e4nden zur St\u00e4rkung der Bev\u00f6lkerungswarnung als gemeinschaftliche Aufgabe M\u00fcnchen, im September 2024 \u2013 Die f\u00fcnf f\u00fchrenden Sirenenhersteller in Deutschland haben den Verband der Hersteller von Bev\u00f6lkerungswarnsystemen e. V. (VHBW) gegr\u00fcndet. Ziel und Aufgabe sind die Zusammenarbeit u.a. mit den kommunalen Spitzenverb\u00e4nden<\/p><p class=\"wp-block-post-excerpt__more-text\"><a class=\"wp-block-post-excerpt__more-link\" href=\"https:\/\/vhbw.org\/home\/warntag-zeigt-die-bedeutung-der-sirene-als-unverzichtbares-warnmittel\/\">Weiterlesen<\/a><\/p><\/div>\n<\/li><li class=\"wp-block-post post-213 post type-post status-publish format-standard hentry category-presseinformationen\">\n<h3 class=\"wp-block-post-title has-medium-font-size\">Hersteller von Bev\u00f6lkerungswarnsystemen gr\u00fcnden Interessenverband VHBW e.V.<\/h3>\n\n<div class=\"wp-block-post-date\"><time datetime=\"2024-10-19T12:35:18+00:00\">Oktober 19, 2024<\/time><\/div>\n\n<div class=\"wp-block-post-excerpt has-medium-font-size\"><p class=\"wp-block-post-excerpt__excerpt\">Die f\u00fcnf f\u00fchrenden Sirenenhersteller in Deutschland haben den Verband der Hersteller von Bev\u00f6lkerungswarnsystemen e. V. (VHBW) gegr\u00fcndet. Ziel und Aufgabe sind die Zusammenarbeit u.a. mit den kommunalen Spitzenverb\u00e4nden sowie die Mitarbeit in Normierungsgremien. Dar\u00fcber hinaus dient der VHBW als zentraler Ansprechpartner f\u00fcr die Politik, die gefordert ist, die passenden Rahmenbedingungen f\u00fcr den konsequenten Sirenen-Netzausbau zu&hellip;<\/p><p class=\"wp-block-post-excerpt__more-text\"><a class=\"wp-block-post-excerpt__more-link\" href=\"https:\/\/vhbw.org\/home\/hersteller-von-bevoelkerungswarnsystemen-gruenden-interessenverband-vhbw-e-v\/\">Weiterlesen<\/a><\/p><\/div>\n<\/li><\/ul>\n\n<\/div>\n\n\n\n<div class=\"wp-block-columns is-layout-flex wp-container-core-columns-is-layout-28f84493 wp-block-columns-is-layout-flex\">\n<div class=\"wp-block-column is-layout-flow wp-block-column-is-layout-flow\" style=\"flex-basis:33.33%\"><\/div>\n\n\n\n<div class=\"wp-block-column is-layout-flow wp-block-column-is-layout-flow\" style=\"flex-basis:66.66%\"><\/div>\n<\/div>\n<\/div>\n<\/div>\n<\/div>\n<\/div>\n","protected":false},"excerpt":{"rendered":"<p>Pressekontakt: Stefanie Schneiderpressestelle@vhbw.org Ver\u00f6ffentlichungen News und Pressemitteilungen<\/p>\n","protected":false},"author":1,"featured_media":0,"parent":0,"menu_order":0,"comment_status":"closed","ping_status":"closed","template":"page-no-title","meta":{"footnotes":""},"class_list":["post-365","page","type-page","status-publish","hentry"],"aioseo_notices":[],"_links":{"self":[{"href":"https:\/\/vhbw.org\/home\/wp-json\/wp\/v2\/pages\/365","targetHints":{"allow":["GET"]}}],"collection":[{"href":"https:\/\/vhbw.org\/home\/wp-json\/wp\/v2\/pages"}],"about":[{"href":"https:\/\/vhbw.org\/home\/wp-json\/wp\/v2\/types\/page"}],"author":[{"embeddable":true,"href":"https:\/\/vhbw.org\/home\/wp-json\/wp\/v2\/users\/1"}],"replies":[{"embeddable":true,"href":"https:\/\/vhbw.org\/home\/wp-json\/wp\/v2\/comments?post=365"}],"version-history":[{"count":19,"href":"https:\/\/vhbw.org\/home\/wp-json\/wp\/v2\/pages\/365\/revisions"}],"predecessor-version":[{"id":582,"href":"https:\/\/vhbw.org\/home\/wp-json\/wp\/v2\/pages\/365\/revisions\/582"}],"wp:attachment":[{"href":"https:\/\/vhbw.org\/home\/wp-json\/wp\/v2\/media?parent=365"}],"curies":[{"name":"wp","href":"https:\/\/api.w.org\/{rel}","templated":true}]}}